{"id":1459,"date":"2023-09-28T17:40:28","date_gmt":"2023-09-28T17:40:28","guid":{"rendered":"https:\/\/matemania.com.ar\/?post_type=product&#038;p=1459"},"modified":"2025-10-09T19:07:39","modified_gmt":"2025-10-09T22:07:39","slug":"camionero-grabado-con-bombilla","status":"publish","type":"product","link":"https:\/\/matemania.com.ar\/?product=camionero-grabado-con-bombilla","title":{"rendered":"CAMIONERO GRABADO CON BOMBILLA"},"content":{"rendered":"","protected":false},"excerpt":{"rendered":"<p>Estas es la segunda promo m\u00e1s vendida! Llevate un mate completo a un precio incre\u00edble..!<\/p>\n<p>Esta promo incluye:<\/p>\n<ul>\n<li>Mate camionero cl\u00e1sico fabricado en calabaza, forrado en cuero y con virola de acero<\/li>\n<li>Bombilla pico de loro de acero<\/li>\n<li>Personalizado tradicional a elecci\u00f3n<\/li>\n<\/ul>\n<p>El grabado personalizado incluye: Frases, nombres, iniciales, fechas, escudos de primera divisi\u00f3n, im\u00e1genes de la selecci\u00f3n argentina y cualquier otra imagen tradicional a elecci\u00f3n\u00a0\ud83d\ude4c\ud83c\udffc<br \/>\n\u25cfSi quisieras grabar algo exclusivo como logos de empresas, marcas, escudos de barrio u otros dise\u00f1os especiales, todo eso tiene costo adicional, consultanos via WhatsApp<\/p>\n","protected":false},"featured_media":1460,"comment_status":"open","ping_status":"closed","template":"","meta":{"_uag_custom_page_level_css":"","site-sidebar-layout":"default","site-content-layout":"","ast-site-content-layout":"default","site-content-style":"default","site-sidebar-style":"default","ast-global-header-display":"","ast-banner-title-visibility":"","ast-main-header-display":"","ast-hfb-above-header-display":"","ast-hfb-below-header-display":"","ast-hfb-mobile-header-display":"","site-post-title":"","ast-breadcrumbs-content":"","ast-featured-img":"","footer-sml-layout":"","theme-transparent-header-meta":"default","adv-header-id-meta":"","stick-header-meta":"","header-above-stick-meta":"","header-main-stick-meta":"","header-below-stick-meta":"","astra-migrate-meta-layouts":"set","ast-page-background-enabled":"default","ast-page-background-meta":{"desktop":{"background-color":"var(--ast-global-color-4)","background-image":"","background-repeat":"repeat","background-position":"center center","background-size":"auto","background-attachment":"scroll","background-type":"","background-media":"","overlay-type":"","overlay-color":"","overlay-opacity":"","overlay-gradient":""},"tablet":{"background-color":"","background-image":"","background-repeat":"repeat","background-position":"center center","background-size":"auto","background-attachment":"scroll","background-type":"","background-media":"","overlay-type":"","overlay-color":"","overlay-opacity":"","overlay-gradient":""},"mobile":{"background-color":"","background-image":"","background-repeat":"repeat","background-position":"center center","background-size":"auto","background-attachment":"scroll","background-type":"","background-media":"","overlay-type":"","overlay-color":"","overlay-opacity":"","overlay-gradient":""}},"ast-content-background-meta":{"desktop":{"background-color":"var(--ast-global-color-5)","background-image":"","background-repeat":"repeat","background-position":"center center","background-size":"auto","background-attachment":"scroll","background-type":"","background-media":"","overlay-type":"","overlay-color":"","overlay-opacity":"","overlay-gradient":""},"tablet":{"background-color":"var(--ast-global-color-5)","background-image":"","background-repeat":"repeat","background-position":"center center","background-size":"auto","background-attachment":"scroll","background-type":"","background-media":"","overlay-type":"","overlay-color":"","overlay-opacity":"","overlay-gradient":""},"mobile":{"background-color":"var(--ast-global-color-5)","background-image":"","background-repeat":"repeat","background-position":"center center","background-size":"auto","background-attachment":"scroll","background-type":"","background-media":"","overlay-type":"","overlay-color":"","overlay-opacity":"","overlay-gradient":""}}},"product_brand":[],"product_cat":[21],"product_tag":[],"class_list":{"0":"post-1459","1":"product","2":"type-product","3":"status-publish","4":"has-post-thumbnail","6":"product_cat-combos","7":"desktop-align-left","8":"tablet-align-left","9":"mobile-align-left","11":"first","12":"instock","13":"shipping-taxable","14":"purchasable","15":"product-type-variable"},"spectra_custom_meta":{"total_sales":["103"],"_tax_status":["taxable"],"_tax_class":[""],"_manage_stock":["no"],"_backorders":["no"],"_sold_individually":["no"],"_virtual":["no"],"_downloadable":["no"],"_download_limit":["-1"],"_download_expiry":["-1"],"_stock":[null],"_stock_status":["instock"],"_wc_average_rating":["0"],"_wc_review_count":["0"],"_product_attributes":["a:1:{s:5:\"color\";a:6:{s:4:\"name\";s:5:\"COLOR\";s:5:\"value\";s:14:\"NEGRO | MARRON\";s:8:\"position\";i:0;s:10:\"is_visible\";i:1;s:12:\"is_variation\";i:1;s:11:\"is_taxonomy\";i:0;}}"],"_product_version":["9.8.5"],"_edit_lock":["1760047521:2"],"_edit_last":["2"],"_thumbnail_id":["1460"],"_wa_order_phone_number":["Chat Mateman\u00eda"],"_wa_order_button_text":[""],"_wa_order_custom_message":[""],"_hide_wa_button":["yes"],"_hide_atc_button":["no"],"_force_show_atc_button":["no"],"woolentor_total_stock_quantity":[""],"_saleflash_text":[""],"site-sidebar-layout":["default"],"ast-site-content-layout":["default"],"site-content-style":["default"],"site-sidebar-style":["default"],"theme-transparent-header-meta":["default"],"_weight":["0.5"],"_length":["15"],"_width":["15"],"_height":["15"],"_swatchly_product_meta":["a:2:{s:41:\"auto_convert_dropdowns_to_image_condition\";s:15:\"first_attribute\";s:5:\"COLOR\";a:8:{s:11:\"swatch_type\";s:0:\"\";s:11:\"shape_style\";s:0:\"\";s:18:\"enable_shape_inset\";s:0:\"\";s:7:\"tooltip\";s:0:\"\";s:12:\"tooltip_text\";s:0:\"\";s:13:\"tooltip_image\";s:0:\"\";s:18:\"tooltip_image_size\";s:0:\"\";s:5:\"terms\";a:2:{s:5:\"NEGRO\";a:9:{s:11:\"swatch_type\";s:0:\"\";s:7:\"tooltip\";s:0:\"\";s:12:\"tooltip_text\";s:0:\"\";s:13:\"tooltip_image\";s:0:\"\";s:18:\"tooltip_image_size\";s:0:\"\";s:5:\"color\";s:0:\"\";s:7:\"color_2\";s:0:\"\";s:5:\"image\";s:0:\"\";s:10:\"image_size\";s:0:\"\";}s:6:\"MARRON\";a:9:{s:11:\"swatch_type\";s:0:\"\";s:7:\"tooltip\";s:0:\"\";s:12:\"tooltip_text\";s:0:\"\";s:13:\"tooltip_image\";s:0:\"\";s:18:\"tooltip_image_size\";s:0:\"\";s:5:\"color\";s:0:\"\";s:7:\"color_2\";s:0:\"\";s:5:\"image\";s:0:\"\";s:10:\"image_size\";s:0:\"\";}}}}"],"woolentor_views_count_product":["11571"],"_eael_post_view_count":["15606"],"_pys_head_footer":["a:7:{s:14:\"disable_global\";b:0;s:8:\"head_any\";s:0:\"\";s:12:\"head_desktop\";s:0:\"\";s:11:\"head_mobile\";s:0:\"\";s:10:\"footer_any\";s:0:\"\";s:14:\"footer_desktop\";s:0:\"\";s:13:\"footer_mobile\";s:0:\"\";}"],"_jetpack_related_posts_cache":["a:1:{s:32:\"32b0bf150bb6bd30c74ed5fafdacd61f\";a:2:{s:7:\"expires\";i:1711119546;s:7:\"payload\";a:3:{i:0;a:1:{s:2:\"id\";i:1435;}i:1;a:1:{s:2:\"id\";i:2494;}i:2;a:1:{s:2:\"id\";i:1498;}}}}"],"_last_editor_used_jetpack":["classic-editor"],"_wc_facebook_commerce_enabled":["no"],"fb_product_group_id":["6702344439894227"],"astra-migrate-meta-layouts":["set"],"_wc_gla_visibility":["sync-and-show"],"_wc_gla_synced_at":["1775619860"],"_wc_gla_sync_status":["synced"],"_wc_gla_google_ids":["a:1:{s:2:\"AR\";s:21:\"online:es:AR:gla_1462\";}"],"_uag_page_assets":["a:9:{s:3:\"css\";s:6893:\".wp-block-uagb-image{display:flex}.wp-block-uagb-image__figure{position:relative;display:flex;flex-direction:column;max-width:100%;height:auto;margin:0}.wp-block-uagb-image__figure img{height:auto;display:flex;max-width:100%;transition:box-shadow 0.2s ease}.wp-block-uagb-image__figure>a{display:inline-block}.wp-block-uagb-image__figure figcaption{text-align:center;margin-top:0.5em;margin-bottom:1em}.wp-block-uagb-image .components-placeholder.block-editor-media-placeholder .components-placeholder__instructions{align-self:center}.wp-block-uagb-image--align-left{text-align:left}.wp-block-uagb-image--align-right{text-align:right}.wp-block-uagb-image--align-center{text-align:center}.wp-block-uagb-image--align-full .wp-block-uagb-image__figure{margin-left:calc(50% - 50vw);margin-right:calc(50% - 50vw);max-width:100vw;width:100vw;height:auto}.wp-block-uagb-image--align-full .wp-block-uagb-image__figure img{height:auto;width:100% !important}.wp-block-uagb-image--align-wide .wp-block-uagb-image__figure img{height:auto;width:100%}.wp-block-uagb-image--layout-overlay__color-wrapper{position:absolute;left:0;top:0;right:0;bottom:0;opacity:0.2;background:rgba(0,0,0,0.5);transition:opacity 0.35s ease-in-out}.wp-block-uagb-image--layout-overlay-link{position:absolute;left:0;right:0;bottom:0;top:0}.wp-block-uagb-image--layout-overlay .wp-block-uagb-image__figure:hover .wp-block-uagb-image--layout-overlay__color-wrapper{opacity:1}.wp-block-uagb-image--layout-overlay__inner{position:absolute;left:15px;right:15px;bottom:15px;top:15px;display:flex;align-items:center;justify-content:center;flex-direction:column;border-color:#fff;transition:0.35s ease-in-out}.wp-block-uagb-image--layout-overlay__inner.top-left,.wp-block-uagb-image--layout-overlay__inner.top-center,.wp-block-uagb-image--layout-overlay__inner.top-right{justify-content:flex-start}.wp-block-uagb-image--layout-overlay__inner.bottom-left,.wp-block-uagb-image--layout-overlay__inner.bottom-center,.wp-block-uagb-image--layout-overlay__inner.bottom-right{justify-content:flex-end}.wp-block-uagb-image--layout-overlay__inner.top-left,.wp-block-uagb-image--layout-overlay__inner.center-left,.wp-block-uagb-image--layout-overlay__inner.bottom-left{align-items:flex-start}.wp-block-uagb-image--layout-overlay__inner.top-right,.wp-block-uagb-image--layout-overlay__inner.center-right,.wp-block-uagb-image--layout-overlay__inner.bottom-right{align-items:flex-end}.wp-block-uagb-image--layout-overlay__inner .uagb-image-heading{color:#fff;transition:transform 0.35s, opacity 0.35s ease-in-out;transform:translate3d(0, 24px, 0);margin:0;line-height:1em}.wp-block-uagb-image--layout-overlay__inner .uagb-image-separator{width:30%;border-top-width:2px;border-top-color:#fff;border-top-style:solid;margin-bottom:10px;opacity:0;transition:transform 0.4s, opacity 0.4s ease-in-out;transform:translate3d(0, 30px, 0)}.wp-block-uagb-image--layout-overlay__inner .uagb-image-caption{opacity:0;overflow:visible;color:#fff;transition:transform 0.45s, opacity 0.45s ease-in-out;transform:translate3d(0, 35px, 0)}.wp-block-uagb-image--layout-overlay__inner:hover .uagb-image-heading,.wp-block-uagb-image--layout-overlay__inner:hover .uagb-image-separator,.wp-block-uagb-image--layout-overlay__inner:hover .uagb-image-caption{opacity:1;transform:translate3d(0, 0, 0)}.wp-block-uagb-image--effect-zoomin .wp-block-uagb-image__figure img,.wp-block-uagb-image--effect-zoomin .wp-block-uagb-image__figure .wp-block-uagb-image--layout-overlay__color-wrapper{transform:scale(1);transition:transform 0.35s ease-in-out}.wp-block-uagb-image--effect-zoomin .wp-block-uagb-image__figure:hover img,.wp-block-uagb-image--effect-zoomin .wp-block-uagb-image__figure:hover .wp-block-uagb-image--layout-overlay__color-wrapper{transform:scale(1.05)}.wp-block-uagb-image--effect-slide .wp-block-uagb-image__figure img,.wp-block-uagb-image--effect-slide .wp-block-uagb-image__figure .wp-block-uagb-image--layout-overlay__color-wrapper{width:calc(100% + 40px) !important;max-width:none !important;transform:translate3d(-40px, 0, 0);transition:transform 0.35s ease-in-out}.wp-block-uagb-image--effect-slide .wp-block-uagb-image__figure:hover img,.wp-block-uagb-image--effect-slide .wp-block-uagb-image__figure:hover .wp-block-uagb-image--layout-overlay__color-wrapper{transform:translate3d(0, 0, 0)}.wp-block-uagb-image--effect-grayscale img{filter:grayscale(0%);transition:0.35s ease-in-out}.wp-block-uagb-image--effect-grayscale:hover img{filter:grayscale(100%)}.wp-block-uagb-image--effect-blur img{filter:blur(0);transition:0.35s ease-in-out}.wp-block-uagb-image--effect-blur:hover img{filter:blur(3px)}\n.uagb-block-e6f939b3.wp-block-uagb-image--layout-default figure img{box-shadow: 0px 0px 0 #00000070;}.uagb-block-e6f939b3.wp-block-uagb-image .wp-block-uagb-image__figure figcaption{font-style: normal;align-self: center;}.uagb-block-e6f939b3.wp-block-uagb-image--layout-overlay figure img{box-shadow: 0px 0px 0 #00000070;}.uagb-block-e6f939b3.wp-block-uagb-image--layout-overlay .wp-block-uagb-image--layout-overlay__color-wrapper{opacity: 0.2;}.uagb-block-e6f939b3.wp-block-uagb-image--layout-overlay .wp-block-uagb-image--layout-overlay__inner{left: 15px;right: 15px;top: 15px;bottom: 15px;}.uagb-block-e6f939b3.wp-block-uagb-image--layout-overlay .wp-block-uagb-image--layout-overlay__inner .uagb-image-heading{font-style: normal;color: #fff;opacity: 1;}.uagb-block-e6f939b3.wp-block-uagb-image--layout-overlay .wp-block-uagb-image--layout-overlay__inner .uagb-image-heading a{color: #fff;}.uagb-block-e6f939b3.wp-block-uagb-image--layout-overlay .wp-block-uagb-image--layout-overlay__inner .uagb-image-caption{opacity: 0;}.uagb-block-e6f939b3.wp-block-uagb-image--layout-overlay .wp-block-uagb-image__figure:hover .wp-block-uagb-image--layout-overlay__color-wrapper{opacity: 1;}.uagb-block-e6f939b3.wp-block-uagb-image .wp-block-uagb-image--layout-overlay__inner .uagb-image-separator{width: 30%;border-top-width: 2px;border-top-color: #fff;opacity: 0;}.uagb-block-e6f939b3.wp-block-uagb-image .wp-block-uagb-image__figure img{width: px;height: auto;}.uagb-block-e6f939b3.wp-block-uagb-image .wp-block-uagb-image__figure:hover .wp-block-uagb-image--layout-overlay__inner .uagb-image-caption{opacity: 1;}.uagb-block-e6f939b3.wp-block-uagb-image .wp-block-uagb-image__figure:hover .wp-block-uagb-image--layout-overlay__inner .uagb-image-separator{opacity: 1;}.uagb-block-e6f939b3.wp-block-uagb-image--layout-default figure:hover img{box-shadow: 0px 0px 0 #00000070;}.uagb-block-e6f939b3.wp-block-uagb-image--layout-overlay figure:hover img{box-shadow: 0px 0px 0 #00000070;}@media only screen and (max-width: 976px) {.uagb-block-e6f939b3.wp-block-uagb-image .wp-block-uagb-image__figure img{width: px;height: auto;}}@media only screen and (max-width: 767px) {.uagb-block-e6f939b3.wp-block-uagb-image .wp-block-uagb-image__figure img{width: px;height: auto;}}\";s:2:\"js\";s:0:\"\";s:18:\"current_block_list\";a:15:{i:0;s:11:\"core\/search\";i:1;s:10:\"core\/group\";i:2;s:12:\"core\/heading\";i:3;s:17:\"core\/latest-posts\";i:4;s:20:\"core\/latest-comments\";i:5;s:13:\"core\/archives\";i:6;s:15:\"core\/categories\";i:7;s:10:\"uagb\/image\";i:8;s:30:\"woocommerce\/product-categories\";i:9;s:26:\"woocommerce\/filter-wrapper\";i:10;s:24:\"woocommerce\/price-filter\";i:11;s:11:\"core\/spacer\";i:12;s:18:\"core\/legacy-widget\";i:14;s:25:\"woocommerce\/rating-filter\";i:15;s:10:\"core\/image\";}s:8:\"uag_flag\";b:1;s:11:\"uag_version\";s:10:\"1776691601\";s:6:\"gfonts\";a:0:{}s:10:\"gfonts_url\";s:0:\"\";s:12:\"gfonts_files\";a:0:{}s:14:\"uag_faq_layout\";b:0;}"],"_price":["29900"],"_wc_facebook_sync_enabled_v2":["yes"],"fb_visibility":["yes"],"_elementor_page_assets":["a:0:{}"],"_wc_gla_mc_status":["approved"],"_uag_css_file_name":["uag-css-1459.css"]},"uagb_featured_image_src":{"full":["https:\/\/matemania.com.ar\/wp-content\/uploads\/2023\/09\/Picsart_23-06-22_14-12-17-731-1-scaled.jpg",2560,2560,false],"thumbnail":["https:\/\/matemania.com.ar\/wp-content\/uploads\/2023\/09\/Picsart_23-06-22_14-12-17-731-1-150x150.jpg",150,150,true],"medium":["https:\/\/matemania.com.ar\/wp-content\/uploads\/2023\/09\/Picsart_23-06-22_14-12-17-731-1-300x300.jpg",300,300,true],"medium_large":["https:\/\/matemania.com.ar\/wp-content\/uploads\/2023\/09\/Picsart_23-06-22_14-12-17-731-1-768x768.jpg",768,768,true],"large":["https:\/\/matemania.com.ar\/wp-content\/uploads\/2023\/09\/Picsart_23-06-22_14-12-17-731-1-1024x1024.jpg",1024,1024,true],"1536x1536":["https:\/\/matemania.com.ar\/wp-content\/uploads\/2023\/09\/Picsart_23-06-22_14-12-17-731-1-1536x1536.jpg",1536,1536,true],"2048x2048":["https:\/\/matemania.com.ar\/wp-content\/uploads\/2023\/09\/Picsart_23-06-22_14-12-17-731-1-2048x2048.jpg",2048,2048,true],"woocommerce_thumbnail":["https:\/\/matemania.com.ar\/wp-content\/uploads\/2023\/09\/Picsart_23-06-22_14-12-17-731-1-scaled-300x300.jpg",300,300,true],"woocommerce_single":["https:\/\/matemania.com.ar\/wp-content\/uploads\/2023\/09\/Picsart_23-06-22_14-12-17-731-1-scaled-600x600.jpg",600,600,true],"woocommerce_gallery_thumbnail":["https:\/\/matemania.com.ar\/wp-content\/uploads\/2023\/09\/Picsart_23-06-22_14-12-17-731-1-scaled-100x100.jpg",100,100,true],"dgwt-wcas-product-suggestion":["https:\/\/matemania.com.ar\/wp-content\/uploads\/2023\/09\/Picsart_23-06-22_14-12-17-731-1-scaled-64x64.jpg",64,64,true]},"uagb_author_info":{"display_name":"Pablo Cantero","author_link":"https:\/\/matemania.com.ar\/?author=0"},"uagb_comment_info":2,"uagb_excerpt":"Estas es la segunda promo m\u00e1s vendida! Llevate un mate completo a un precio incre\u00edble..! Esta promo incluye: Mate camionero cl\u00e1sico fabricado en calabaza, forrado en cuero y con virola de acero Bombilla pico de loro de acero Personalizado tradicional a elecci\u00f3n El grabado personalizado incluye: Frases, nombres, iniciales, fechas, escudos de primera divisi\u00f3n, im\u00e1genes&hellip;","_links":{"self":[{"href":"https:\/\/matemania.com.ar\/index.php?rest_route=\/wp\/v2\/product\/1459","targetHints":{"allow":["GET"]}}],"collection":[{"href":"https:\/\/matemania.com.ar\/index.php?rest_route=\/wp\/v2\/product"}],"about":[{"href":"https:\/\/matemania.com.ar\/index.php?rest_route=\/wp\/v2\/types\/product"}],"replies":[{"embeddable":true,"href":"https:\/\/matemania.com.ar\/index.php?rest_route=%2Fwp%2Fv2%2Fcomments&post=1459"}],"wp:featuredmedia":[{"embeddable":true,"href":"https:\/\/matemania.com.ar\/index.php?rest_route=\/wp\/v2\/media\/1460"}],"wp:attachment":[{"href":"https:\/\/matemania.com.ar\/index.php?rest_route=%2Fwp%2Fv2%2Fmedia&parent=1459"}],"wp:term":[{"taxonomy":"product_brand","embeddable":true,"href":"https:\/\/matemania.com.ar\/index.php?rest_route=%2Fwp%2Fv2%2Fproduct_brand&post=1459"},{"taxonomy":"product_cat","embeddable":true,"href":"https:\/\/matemania.com.ar\/index.php?rest_route=%2Fwp%2Fv2%2Fproduct_cat&post=1459"},{"taxonomy":"product_tag","embeddable":true,"href":"https:\/\/matemania.com.ar\/index.php?rest_route=%2Fwp%2Fv2%2Fproduct_tag&post=1459"}],"curies":[{"name":"wp","href":"https:\/\/api.w.org\/{rel}","templated":true}]}}